{"id":979,"date":"2020-10-26T07:26:12","date_gmt":"2020-10-26T07:26:12","guid":{"rendered":"https:\/\/skillup.ro\/?page_id=979"},"modified":"2020-11-29T09:21:01","modified_gmt":"2020-11-29T09:21:01","slug":"inscriere","status":"publish","type":"page","link":"https:\/\/skillup.ro\/en\/inscriere\/","title":{"rendered":"Sign up"},"content":{"rendered":"<div data-elementor-type=\"wp-page\" data-elementor-id=\"979\" class=\"elementor elementor-979\">\n\t\t\t\t\t\t<section class=\"elementor-section elementor-top-section elementor-element elementor-element-e2cbfe2 elementor-section-boxed elementor-section-height-default elementor-section-height-default\" data-id=\"e2cbfe2\" data-element_type=\"section\">\n\t\t\t\t\t\t<div class=\"elementor-container elementor-column-gap-default\">\n\t\t\t\t\t<div class=\"elementor-column elementor-col-100 elementor-top-column elementor-element elementor-element-aafe575\" data-id=\"aafe575\" data-element_type=\"column\">\n\t\t\t<div class=\"elementor-widget-wrap elementor-element-populated\">\n\t\t\t\t\t\t<div class=\"elementor-element elementor-element-aff7b1e elementor-view-default elementor-position-top elementor-mobile-position-top elementor-widget elementor-widget-icon-box\" data-id=\"aff7b1e\" data-element_type=\"widget\" data-widget_type=\"icon-box.default\">\n\t\t\t\t<div class=\"elementor-widget-container\">\n\t\t\t\t\t\t\t<div class=\"elementor-icon-box-wrapper\">\n\n\t\t\t\t\t\t<div class=\"elementor-icon-box-icon\">\n\t\t\t\t<span  class=\"elementor-icon elementor-animation-\">\n\t\t\t\t<i aria-hidden=\"true\" class=\"fab fa-slideshare\"><\/i>\t\t\t\t<\/span>\n\t\t\t<\/div>\n\t\t\t\n\t\t\t\t\t\t<div class=\"elementor-icon-box-content\">\n\n\t\t\t\t\t\t\t\t\t<h3 class=\"elementor-icon-box-title\">\n\t\t\t\t\t\t<span  >\n\t\t\t\t\t\t\tSkillUp Programming Course Enrollment Form\t\t\t\t\t\t<\/span>\n\t\t\t\t\t<\/h3>\n\t\t\t\t\n\t\t\t\t\t\t\t\t\t<p class=\"elementor-icon-box-description\">\n\t\t\t\t\t\tFill in your contact details and choose one or more courses you are interested in and we will come back with details.\t\t\t\t\t<\/p>\n\t\t\t\t\n\t\t\t<\/div>\n\t\t\t\n\t\t<\/div>\n\t\t\t\t\t\t<\/div>\n\t\t\t\t<\/div>\n\t\t\t\t\t<\/div>\n\t\t<\/div>\n\t\t\t\t\t<\/div>\n\t\t<\/section>\n\t\t\t\t<section class=\"elementor-section elementor-top-section elementor-element elementor-element-0a7a47a elementor-section-boxed elementor-section-height-default elementor-section-height-default\" data-id=\"0a7a47a\" data-element_type=\"section\">\n\t\t\t\t\t\t<div class=\"elementor-container elementor-column-gap-default\">\n\t\t\t\t\t<div class=\"elementor-column elementor-col-33 elementor-top-column elementor-element elementor-element-f0c08bb\" data-id=\"f0c08bb\" data-element_type=\"column\">\n\t\t\t<div class=\"elementor-widget-wrap\">\n\t\t\t\t\t\t\t<\/div>\n\t\t<\/div>\n\t\t\t\t<div class=\"elementor-column elementor-col-33 elementor-top-column elementor-element elementor-element-af8e548\" data-id=\"af8e548\" data-element_type=\"column\">\n\t\t\t<div class=\"elementor-widget-wrap elementor-element-populated\">\n\t\t\t\t\t\t<div class=\"elementor-element elementor-element-51d03bf elementor-widget elementor-widget-wpforms\" data-id=\"51d03bf\" data-element_type=\"widget\" data-widget_type=\"wpforms.default\">\n\t\t\t\t<div class=\"elementor-widget-container\">\n\t\t\t\t\t<div class=\"wpforms-container\" id=\"wpforms-805\"><form id=\"wpforms-form-805\" class=\"wpforms-validate wpforms-form\" data-formid=\"805\" method=\"post\" enctype=\"multipart\/form-data\" action=\"\/en\/wp-json\/wp\/v2\/pages\/979\" data-token=\"7af1f7d377cf8f990982cb425c1d1c44\" data-token-time=\"1777503970\" data-trp-original-action=\"\/en\/wp-json\/wp\/v2\/pages\/979\"><noscript class=\"wpforms-error-noscript\">Please enable JavaScript in your browser to complete this form.<\/noscript><div class=\"wpforms-field-container\"><div id=\"wpforms-805-field_0-container\" class=\"wpforms-field wpforms-field-name\" data-field-id=\"0\"><label class=\"wpforms-field-label\" for=\"wpforms-805-field_0\">Name <span class=\"wpforms-required-label\">*<\/span><\/label><input type=\"text\" id=\"wpforms-805-field_0\" class=\"wpforms-field-medium wpforms-field-required\" name=\"wpforms[fields][0]\" required><\/div><div id=\"wpforms-805-field_3-container\" class=\"wpforms-field wpforms-field-name\" data-field-id=\"3\"><label class=\"wpforms-field-label\" for=\"wpforms-805-field_3\">Phone <span class=\"wpforms-required-label\">*<\/span><\/label><input type=\"text\" id=\"wpforms-805-field_3\" class=\"wpforms-field-medium wpforms-field-required\" name=\"wpforms[fields][3]\" required><\/div><div id=\"wpforms-805-field_1-container\" class=\"wpforms-field wpforms-field-email\" data-field-id=\"1\"><label class=\"wpforms-field-label\" for=\"wpforms-805-field_1\">E-mail <span class=\"wpforms-required-label\">*<\/span><\/label><input type=\"email\" id=\"wpforms-805-field_1\" class=\"wpforms-field-medium wpforms-field-required\" name=\"wpforms[fields][1]\" spellcheck=\"false\" required><\/div><div id=\"wpforms-805-field_4-container\" class=\"wpforms-field wpforms-field-select wpforms-field-select-style-modern\" data-field-id=\"4\"><label class=\"wpforms-field-label\" for=\"wpforms-805-field_4\">What course are you interested in?<\/label><select id=\"wpforms-805-field_4\" class=\"wpforms-field-large choicesjs-select\" data-size-class=\"wpforms-field-row wpforms-field-large\" data-search-enabled=\"\" name=\"wpforms[fields][4][]\" multiple=\"multiple\"><option value=\"\" class=\"placeholder\" disabled>Choose the desired course<\/option><option value=\"Alege cursul dorit\" >Choose the desired course<\/option><option value=\"Workshop gratuit\" >Free workshop<\/option><option value=\"Introducere \u00een IT\" >Introduction to IT<\/option><option value=\"Curs JavaScript \/ Node.Js \/ React\" >Course JavaScript \/ Node.Js \/ React<\/option><option value=\"Curs Web Development .Net Core\/C#\" >Course Web Development .Net Core\/C#<\/option><option value=\"Curs Microsoft SQL Server \u0219i MongoDB\" >Course Microsoft SQL Server \u0219i MongoDB<\/option><\/select><\/div><div id=\"wpforms-805-field_2-container\" class=\"wpforms-field wpforms-field-textarea\" data-field-id=\"2\"><label class=\"wpforms-field-label\" for=\"wpforms-805-field_2\">Message <span class=\"wpforms-required-label\">*<\/span><\/label><textarea id=\"wpforms-805-field_2\" class=\"wpforms-field-medium wpforms-field-required\" name=\"wpforms[fields][2]\" placeholder=\"About you \/ Knowledge \/ Experience\" required><\/textarea><\/div><div id=\"wpforms-805-field_6-container\" class=\"wpforms-field wpforms-field-textarea\" data-field-id=\"6\"><label class=\"wpforms-field-label\" for=\"wpforms-805-field_6\">Where did you hear about SkillUp?<\/label><textarea id=\"wpforms-805-field_6\" class=\"wpforms-field-small\" name=\"wpforms[fields][6]\" ><\/textarea><\/div><div id=\"wpforms-805-field_5-container\" class=\"wpforms-field wpforms-field-gdpr-checkbox\" data-field-id=\"5\"><label class=\"wpforms-field-label\">Processing of personal data <span class=\"wpforms-required-label\">*<\/span><\/label><ul id=\"wpforms-805-field_5\" class=\"wpforms-field-required\"><li class=\"choice-1\"><input type=\"checkbox\" id=\"wpforms-805-field_5_1\" name=\"wpforms[fields][5][]\" value=\"Prin completarea acestui formular sunte\u021bi de acord cu prelucrarea datelor dvs. personale \u0219i contactarea d-str\u0103 pentru a v\u0103  \u00eenscrie la cursul care v\u0103 intereseaz\u0103.\" required><label class=\"wpforms-field-label-inline\" for=\"wpforms-805-field_5_1\">By completing this form you agree to the processing of your personal data and contact you to enroll in the course you are interested in.<\/label><\/li><\/ul><div class=\"wpforms-field-description translation-block\">I have read and agree to the <a href=\"\/en\/termeni-si-conditii\" target=\"_self\"> terms and conditions <\/a>.<\/div><\/div><\/div><!-- .wpforms-field-container --><div class=\"wpforms-submit-container\" ><input type=\"hidden\" name=\"wpforms[id]\" value=\"805\"><input type=\"hidden\" name=\"page_title\" value=\"\"><input type=\"hidden\" name=\"page_url\" value=\"https:\/\/skillup.ro\/en\/wp-json\/wp\/v2\/pages\/979\"><button type=\"submit\" name=\"wpforms[submit]\" id=\"wpforms-submit-805\" class=\"wpforms-submit\" data-alt-text=\"Se Trimite ...\" data-submit-text=\"Aplica la curs\" aria-live=\"assertive\" value=\"wpforms-submit\">Apply the course<\/button><\/div><input type=\"hidden\" name=\"trp-form-language\" value=\"en\"\/><\/form><\/div>  <!-- .wpforms-container -->\t\t\t\t<\/div>\n\t\t\t\t<\/div>\n\t\t\t\t\t<\/div>\n\t\t<\/div>\n\t\t\t\t<div class=\"elementor-column elementor-col-33 elementor-top-column elementor-element elementor-element-042715a\" data-id=\"042715a\" data-element_type=\"column\">\n\t\t\t<div class=\"elementor-widget-wrap\">\n\t\t\t\t\t\t\t<\/div>\n\t\t<\/div>\n\t\t\t\t\t<\/div>\n\t\t<\/section>\n\t\t\t\t<section class=\"elementor-section elementor-top-section elementor-element elementor-element-54bd097 elementor-section-boxed elementor-section-height-default elementor-section-height-default\" data-id=\"54bd097\" data-element_type=\"section\">\n\t\t\t\t\t\t<div class=\"elementor-container elementor-column-gap-default\">\n\t\t\t\t\t<div class=\"elementor-column elementor-col-100 elementor-top-column elementor-element elementor-element-c306ad8\" data-id=\"c306ad8\" data-element_type=\"column\">\n\t\t\t<div class=\"elementor-widget-wrap elementor-element-populated\">\n\t\t\t\t\t\t<div class=\"elementor-element elementor-element-7316727 elementor-widget elementor-widget-heading\" data-id=\"7316727\" data-element_type=\"widget\" data-widget_type=\"heading.default\">\n\t\t\t\t<div class=\"elementor-widget-container\">\n\t\t\t\t\t<h3 class=\"elementor-heading-title elementor-size-default\"><a href=\"\/en\/cursuri\/\"><b>Find out more about our courses<\/b><\/a><\/h3>\t\t\t\t<\/div>\n\t\t\t\t<\/div>\n\t\t\t\t<div class=\"elementor-element elementor-element-b459df1 elementor-align-center elementor-widget elementor-widget-button\" data-id=\"b459df1\" data-element_type=\"widget\" data-widget_type=\"button.default\">\n\t\t\t\t<div class=\"elementor-widget-container\">\n\t\t\t\t\t\t\t\t\t<div class=\"elementor-button-wrapper\">\n\t\t\t\t\t<a class=\"elementor-button elementor-button-link elementor-size-sm\" href=\"\/en\/cursuri\/\">\n\t\t\t\t\t\t<span class=\"elementor-button-content-wrapper\">\n\t\t\t\t\t\t\t\t\t<span class=\"elementor-button-text\">Course details<\/span>\n\t\t\t\t\t<\/span>\n\t\t\t\t\t<\/a>\n\t\t\t\t<\/div>\n\t\t\t\t\t\t\t\t<\/div>\n\t\t\t\t<\/div>\n\t\t\t\t\t<\/div>\n\t\t<\/div>\n\t\t\t\t\t<\/div>\n\t\t<\/section>\n\t\t\t\t<\/div>","protected":false},"excerpt":{"rendered":"<p>Formularul de \u00eenscriere la cursurile de programare SkillUp Completeaz\u0103 datele tale de contact \u0219i alege unul sau mai multe cursuri de care e\u0219ti interesat \u0219i noi vom reveni cu detalii. Descoper\u0103 mai multe detalii despre cursurile noastre Detalii cursuri<\/p>","protected":false},"author":1,"featured_media":0,"parent":0,"menu_order":0,"comment_status":"closed","ping_status":"closed","template":"","meta":{"site-sidebar-layout":"no-sidebar","site-content-layout":"page-builder","ast-main-header-display":"","ast-hfb-above-header-display":"","ast-hfb-below-header-display":"","ast-hfb-mobile-header-display":"","site-post-title":"disabled","ast-breadcrumbs-content":"","ast-featured-img":"disabled","footer-sml-layout":"","theme-transparent-header-meta":"disabled","adv-header-id-meta":"","stick-header-meta":"","header-above-stick-meta":"","header-main-stick-meta":"","header-below-stick-meta":"","footnotes":""},"class_list":["post-979","page","type-page","status-publish","hentry"],"yoast_head":"<!-- This site is optimized with the Yoast SEO plugin v24.1 - https:\/\/yoast.com\/wordpress\/plugins\/seo\/ -->\n<title>\u00censcriere - cursuri programare \u00eencep\u0103tori - Cursuri Programare Skill Up<\/title>\n<meta name=\"description\" content=\"SkillUp cursuri de programare \u00eenscriere. Cursuri Introducere \u00een IT, JavaScript, Node.Js, React, Web Development .Net Core\/C#, Baze de date\" \/>\n<meta name=\"robots\" content=\"index, follow, max-snippet:-1, max-image-preview:large, max-video-preview:-1\" \/>\n<link rel=\"canonical\" href=\"https:\/\/skillup.ro\/en\/inscriere\/\" \/>\n<meta property=\"og:locale\" content=\"en_US\" \/>\n<meta property=\"og:type\" content=\"article\" \/>\n<meta property=\"og:title\" content=\"\u00censcriere - cursuri programare \u00eencep\u0103tori - Cursuri Programare Skill Up\" \/>\n<meta property=\"og:description\" content=\"SkillUp cursuri de programare \u00eenscriere. Cursuri Introducere \u00een IT, JavaScript, Node.Js, React, Web Development .Net Core\/C#, Baze de date\" \/>\n<meta property=\"og:url\" content=\"https:\/\/skillup.ro\/en\/inscriere\/\" \/>\n<meta property=\"og:site_name\" content=\"Cursuri Programare Skill Up\" \/>\n<meta property=\"article:modified_time\" content=\"2020-11-29T09:21:01+00:00\" \/>\n<meta property=\"og:image\" content=\"https:\/\/skillup.ro\/wp-content\/uploads\/2020\/09\/curs-introducere-in-it.png\" \/>\n\t<meta property=\"og:image:width\" content=\"400\" \/>\n\t<meta property=\"og:image:height\" content=\"210\" \/>\n\t<meta property=\"og:image:type\" content=\"image\/png\" \/>\n<meta name=\"twitter:card\" content=\"summary_large_image\" \/>\n<meta name=\"twitter:title\" content=\"\u00censcriere - cursuri programare \u00eencep\u0103tori - Cursuri Programare Skill Up\" \/>\n<meta name=\"twitter:description\" content=\"SkillUp cursuri de programare \u00eenscriere. Cursuri Introducere \u00een IT, JavaScript, Node.Js, React, Web Development .Net Core\/C#, Baze de date\" \/>\n<meta name=\"twitter:image\" content=\"https:\/\/skillup.ro\/wp-content\/uploads\/2020\/09\/curs-introducere-in-it.png\" \/>\n<script type=\"application\/ld+json\" class=\"yoast-schema-graph\">{\"@context\":\"https:\/\/schema.org\",\"@graph\":[{\"@type\":\"WebPage\",\"@id\":\"https:\/\/skillup.ro\/inscriere\/\",\"url\":\"https:\/\/skillup.ro\/inscriere\/\",\"name\":\"\u00censcriere - cursuri programare \u00eencep\u0103tori - Cursuri Programare Skill Up\",\"isPartOf\":{\"@id\":\"https:\/\/skillup.ro\/#website\"},\"datePublished\":\"2020-10-26T07:26:12+00:00\",\"dateModified\":\"2020-11-29T09:21:01+00:00\",\"description\":\"SkillUp cursuri de programare \u00eenscriere. Cursuri Introducere \u00een IT, JavaScript, Node.Js, React, Web Development .Net Core\/C#, Baze de date\",\"breadcrumb\":{\"@id\":\"https:\/\/skillup.ro\/inscriere\/#breadcrumb\"},\"inLanguage\":\"en-US\",\"potentialAction\":[{\"@type\":\"ReadAction\",\"target\":[\"https:\/\/skillup.ro\/inscriere\/\"]}]},{\"@type\":\"BreadcrumbList\",\"@id\":\"https:\/\/skillup.ro\/inscriere\/#breadcrumb\",\"itemListElement\":[{\"@type\":\"ListItem\",\"position\":1,\"name\":\"Home\",\"item\":\"https:\/\/skillup.ro\/\"},{\"@type\":\"ListItem\",\"position\":2,\"name\":\"\u00censcriere\"}]},{\"@type\":\"WebSite\",\"@id\":\"https:\/\/skillup.ro\/#website\",\"url\":\"https:\/\/skillup.ro\/\",\"name\":\"Cursuri Programare Skill Up\",\"description\":\"Academia IT\",\"publisher\":{\"@id\":\"https:\/\/skillup.ro\/#organization\"},\"potentialAction\":[{\"@type\":\"SearchAction\",\"target\":{\"@type\":\"EntryPoint\",\"urlTemplate\":\"https:\/\/skillup.ro\/?s={search_term_string}\"},\"query-input\":{\"@type\":\"PropertyValueSpecification\",\"valueRequired\":true,\"valueName\":\"search_term_string\"}}],\"inLanguage\":\"en-US\"},{\"@type\":\"Organization\",\"@id\":\"https:\/\/skillup.ro\/#organization\",\"name\":\"Cursuri Programare Skill Up\",\"url\":\"https:\/\/skillup.ro\/\",\"logo\":{\"@type\":\"ImageObject\",\"inLanguage\":\"en-US\",\"@id\":\"https:\/\/skillup.ro\/#\/schema\/logo\/image\/\",\"url\":\"https:\/\/skillup.ro\/wp-content\/uploads\/2020\/08\/cropped-cursuri-programare-skill-up.png\",\"contentUrl\":\"https:\/\/skillup.ro\/wp-content\/uploads\/2020\/08\/cropped-cursuri-programare-skill-up.png\",\"width\":400,\"height\":133,\"caption\":\"Cursuri Programare Skill Up\"},\"image\":{\"@id\":\"https:\/\/skillup.ro\/#\/schema\/logo\/image\/\"}}]}<\/script>\n<!-- \/ Yoast SEO plugin. -->","yoast_head_json":{"title":"\u00censcriere - cursuri programare \u00eencep\u0103tori - Cursuri Programare Skill Up","description":"SkillUp cursuri de programare \u00eenscriere. Cursuri Introducere \u00een IT, JavaScript, Node.Js, React, Web Development .Net Core\/C#, Baze de date","robots":{"index":"index","follow":"follow","max-snippet":"max-snippet:-1","max-image-preview":"max-image-preview:large","max-video-preview":"max-video-preview:-1"},"canonical":"https:\/\/skillup.ro\/en\/inscriere\/","og_locale":"en_US","og_type":"article","og_title":"\u00censcriere - cursuri programare \u00eencep\u0103tori - Cursuri Programare Skill Up","og_description":"SkillUp cursuri de programare \u00eenscriere. Cursuri Introducere \u00een IT, JavaScript, Node.Js, React, Web Development .Net Core\/C#, Baze de date","og_url":"https:\/\/skillup.ro\/en\/inscriere\/","og_site_name":"Cursuri Programare Skill Up","article_modified_time":"2020-11-29T09:21:01+00:00","og_image":[{"width":400,"height":210,"url":"https:\/\/skillup.ro\/wp-content\/uploads\/2020\/09\/curs-introducere-in-it.png","type":"image\/png"}],"twitter_card":"summary_large_image","twitter_title":"\u00censcriere - cursuri programare \u00eencep\u0103tori - Cursuri Programare Skill Up","twitter_description":"SkillUp cursuri de programare \u00eenscriere. Cursuri Introducere \u00een IT, JavaScript, Node.Js, React, Web Development .Net Core\/C#, Baze de date","twitter_image":"https:\/\/skillup.ro\/wp-content\/uploads\/2020\/09\/curs-introducere-in-it.png","schema":{"@context":"https:\/\/schema.org","@graph":[{"@type":"WebPage","@id":"https:\/\/skillup.ro\/inscriere\/","url":"https:\/\/skillup.ro\/inscriere\/","name":"\u00censcriere - cursuri programare \u00eencep\u0103tori - Cursuri Programare Skill Up","isPartOf":{"@id":"https:\/\/skillup.ro\/#website"},"datePublished":"2020-10-26T07:26:12+00:00","dateModified":"2020-11-29T09:21:01+00:00","description":"SkillUp cursuri de programare \u00eenscriere. Cursuri Introducere \u00een IT, JavaScript, Node.Js, React, Web Development .Net Core\/C#, Baze de date","breadcrumb":{"@id":"https:\/\/skillup.ro\/inscriere\/#breadcrumb"},"inLanguage":"en-US","potentialAction":[{"@type":"ReadAction","target":["https:\/\/skillup.ro\/inscriere\/"]}]},{"@type":"BreadcrumbList","@id":"https:\/\/skillup.ro\/inscriere\/#breadcrumb","itemListElement":[{"@type":"ListItem","position":1,"name":"Home","item":"https:\/\/skillup.ro\/"},{"@type":"ListItem","position":2,"name":"\u00censcriere"}]},{"@type":"WebSite","@id":"https:\/\/skillup.ro\/#website","url":"https:\/\/skillup.ro\/","name":"Cursuri Programare Skill Up","description":"Academia IT","publisher":{"@id":"https:\/\/skillup.ro\/#organization"},"potentialAction":[{"@type":"SearchAction","target":{"@type":"EntryPoint","urlTemplate":"https:\/\/skillup.ro\/?s={search_term_string}"},"query-input":{"@type":"PropertyValueSpecification","valueRequired":true,"valueName":"search_term_string"}}],"inLanguage":"en-US"},{"@type":"Organization","@id":"https:\/\/skillup.ro\/#organization","name":"Cursuri Programare Skill Up","url":"https:\/\/skillup.ro\/","logo":{"@type":"ImageObject","inLanguage":"en-US","@id":"https:\/\/skillup.ro\/#\/schema\/logo\/image\/","url":"https:\/\/skillup.ro\/wp-content\/uploads\/2020\/08\/cropped-cursuri-programare-skill-up.png","contentUrl":"https:\/\/skillup.ro\/wp-content\/uploads\/2020\/08\/cropped-cursuri-programare-skill-up.png","width":400,"height":133,"caption":"Cursuri Programare Skill Up"},"image":{"@id":"https:\/\/skillup.ro\/#\/schema\/logo\/image\/"}}]}},"_links":{"self":[{"href":"https:\/\/skillup.ro\/en\/wp-json\/wp\/v2\/pages\/979"}],"collection":[{"href":"https:\/\/skillup.ro\/en\/wp-json\/wp\/v2\/pages"}],"about":[{"href":"https:\/\/skillup.ro\/en\/wp-json\/wp\/v2\/types\/page"}],"author":[{"embeddable":true,"href":"https:\/\/skillup.ro\/en\/wp-json\/wp\/v2\/users\/1"}],"replies":[{"embeddable":true,"href":"https:\/\/skillup.ro\/en\/wp-json\/wp\/v2\/comments?post=979"}],"version-history":[{"count":27,"href":"https:\/\/skillup.ro\/en\/wp-json\/wp\/v2\/pages\/979\/revisions"}],"predecessor-version":[{"id":1641,"href":"https:\/\/skillup.ro\/en\/wp-json\/wp\/v2\/pages\/979\/revisions\/1641"}],"wp:attachment":[{"href":"https:\/\/skillup.ro\/en\/wp-json\/wp\/v2\/media?parent=979"}],"curies":[{"name":"wp","href":"https:\/\/api.w.org\/{rel}","templated":true}]}}