{"id":1532,"date":"2020-12-01T16:45:38","date_gmt":"2020-12-01T16:45:38","guid":{"rendered":"https:\/\/skillup.ro\/?page_id=1532"},"modified":"2020-12-01T20:40:52","modified_gmt":"2020-12-01T20:40:52","slug":"politica-cookie-urilor","status":"publish","type":"page","link":"https:\/\/skillup.ro\/en\/politica-cookie-urilor\/","title":{"rendered":"Cookies policy"},"content":{"rendered":"<div data-elementor-type=\"wp-page\" data-elementor-id=\"1532\" class=\"elementor elementor-1532\">\n\t\t\t\t\t\t<section class=\"elementor-section elementor-top-section elementor-element elementor-element-b116bdf elementor-section-boxed elementor-section-height-default elementor-section-height-default\" data-id=\"b116bdf\" data-element_type=\"section\">\n\t\t\t\t\t\t<div class=\"elementor-container elementor-column-gap-default\">\n\t\t\t\t\t<div class=\"elementor-column elementor-col-100 elementor-top-column elementor-element elementor-element-f8d467c\" data-id=\"f8d467c\" data-element_type=\"column\">\n\t\t\t<div class=\"elementor-widget-wrap elementor-element-populated\">\n\t\t\t\t\t\t<div class=\"elementor-element elementor-element-3c8588d elementor-widget elementor-widget-heading\" data-id=\"3c8588d\" data-element_type=\"widget\" data-widget_type=\"heading.default\">\n\t\t\t\t<div class=\"elementor-widget-container\">\n\t\t\t\t\t<h2 class=\"elementor-heading-title elementor-size-default\">Cookies policy<\/h2>\t\t\t\t<\/div>\n\t\t\t\t<\/div>\n\t\t\t\t\t<\/div>\n\t\t<\/div>\n\t\t\t\t\t<\/div>\n\t\t<\/section>\n\t\t\t\t<section class=\"elementor-section elementor-top-section elementor-element elementor-element-8f79df4 elementor-section-boxed elementor-section-height-default elementor-section-height-default\" data-id=\"8f79df4\" data-element_type=\"section\">\n\t\t\t\t\t\t<div class=\"elementor-container elementor-column-gap-default\">\n\t\t\t\t\t<div class=\"elementor-column elementor-col-100 elementor-top-column elementor-element elementor-element-96c910f\" data-id=\"96c910f\" data-element_type=\"column\">\n\t\t\t<div class=\"elementor-widget-wrap elementor-element-populated\">\n\t\t\t\t\t\t<div class=\"elementor-element elementor-element-7ad8407 elementor-widget elementor-widget-heading\" data-id=\"7ad8407\" data-element_type=\"widget\" data-widget_type=\"heading.default\">\n\t\t\t\t<div class=\"elementor-widget-container\">\n\t\t\t\t\t<h3 class=\"elementor-heading-title elementor-size-default\">Cookie information<\/h3>\t\t\t\t<\/div>\n\t\t\t\t<\/div>\n\t\t\t\t<div class=\"elementor-element elementor-element-6a1ad95 elementor-widget elementor-widget-text-editor\" data-id=\"6a1ad95\" data-element_type=\"widget\" data-widget_type=\"text-editor.default\">\n\t\t\t\t<div class=\"elementor-widget-container\">\n\t\t\t\t\t\t\t\t\t<p>A cookie (&quot;browser cookie&quot; or &quot;HTTP cookie&quot;) is a small file consisting of letters and numbers. It is stored on your computer, mobile phone, tablet, etc. It is installed by request from a web server to a browser (eg Internet Explorer, Chrome).<\/p><p>Please note: Cookies do not contain <b>software, viruses or spyware. Therefore I cannot access <\/b>information on the user&#039;s computer.\u00a0<\/p><p>The information that a cookie contains is the name, value and duration of the cookie.<\/p>\t\t\t\t\t\t\t\t<\/div>\n\t\t\t\t<\/div>\n\t\t\t\t\t<\/div>\n\t\t<\/div>\n\t\t\t\t\t<\/div>\n\t\t<\/section>\n\t\t\t\t<section class=\"elementor-section elementor-top-section elementor-element elementor-element-3661c83 elementor-section-boxed elementor-section-height-default elementor-section-height-default\" data-id=\"3661c83\" data-element_type=\"section\">\n\t\t\t\t\t\t<div class=\"elementor-container elementor-column-gap-default\">\n\t\t\t\t\t<div class=\"elementor-column elementor-col-100 elementor-top-column elementor-element elementor-element-48d91c2\" data-id=\"48d91c2\" data-element_type=\"column\">\n\t\t\t<div class=\"elementor-widget-wrap elementor-element-populated\">\n\t\t\t\t\t\t<div class=\"elementor-element elementor-element-8ac422a elementor-widget elementor-widget-heading\" data-id=\"8ac422a\" data-element_type=\"widget\" data-widget_type=\"heading.default\">\n\t\t\t\t<div class=\"elementor-widget-container\">\n\t\t\t\t\t<h3 class=\"elementor-heading-title elementor-size-default\">What is a &quot;Cookie&quot;?<\/h3>\t\t\t\t<\/div>\n\t\t\t\t<\/div>\n\t\t\t\t<div class=\"elementor-element elementor-element-3052617 elementor-widget elementor-widget-text-editor\" data-id=\"3052617\" data-element_type=\"widget\" data-widget_type=\"text-editor.default\">\n\t\t\t\t<div class=\"elementor-widget-container\">\n\t\t\t\t\t\t\t\t\t<p><a href=\"https:\/\/skillup.ro\/en\/\">SkillUp.ro<\/a> uses cookies to provide users with a much better browsing experience and to tailor services to their interests.<\/p><p>These cookies may come from the following third parties: Google Analytics, Adwords, Facebook.<\/p><p>The purpose of &quot;cookies&quot; is to facilitate and personalize certain settings (language, country, prices displayed in the national currency).<\/p><p>The information that is gathered about users helps us to create services that better address the needs of visitors, making it easier for them to navigate the site.<\/p>\t\t\t\t\t\t\t\t<\/div>\n\t\t\t\t<\/div>\n\t\t\t\t\t<\/div>\n\t\t<\/div>\n\t\t\t\t\t<\/div>\n\t\t<\/section>\n\t\t\t\t<section class=\"elementor-section elementor-top-section elementor-element elementor-element-98e78c1 elementor-section-boxed elementor-section-height-default elementor-section-height-default\" data-id=\"98e78c1\" data-element_type=\"section\">\n\t\t\t\t\t\t<div class=\"elementor-container elementor-column-gap-default\">\n\t\t\t\t\t<div class=\"elementor-column elementor-col-100 elementor-top-column elementor-element elementor-element-3f1fe7b\" data-id=\"3f1fe7b\" data-element_type=\"column\">\n\t\t\t<div class=\"elementor-widget-wrap elementor-element-populated\">\n\t\t\t\t\t\t<div class=\"elementor-element elementor-element-3c885d8 elementor-widget elementor-widget-heading\" data-id=\"3c885d8\" data-element_type=\"widget\" data-widget_type=\"heading.default\">\n\t\t\t\t<div class=\"elementor-widget-container\">\n\t\t\t\t\t<h3 class=\"elementor-heading-title elementor-size-default\">Types of Cookies<\/h3>\t\t\t\t<\/div>\n\t\t\t\t<\/div>\n\t\t\t\t<div class=\"elementor-element elementor-element-1951827 elementor-widget elementor-widget-text-editor\" data-id=\"1951827\" data-element_type=\"widget\" data-widget_type=\"text-editor.default\">\n\t\t\t\t<div class=\"elementor-widget-container\">\n\t\t\t\t\t\t\t\t\t<ul><li>session - these are temporarily stored in your browser history. They are deleted when the user logs out of the website or closes the browser window.<\/li><li>persistent - these are stored, depending on the default time, on the hard drive of a computer or equipment.<\/li><\/ul>\t\t\t\t\t\t\t\t<\/div>\n\t\t\t\t<\/div>\n\t\t\t\t\t<\/div>\n\t\t<\/div>\n\t\t\t\t\t<\/div>\n\t\t<\/section>\n\t\t\t\t<section class=\"elementor-section elementor-top-section elementor-element elementor-element-5b3ebea elementor-section-boxed elementor-section-height-default elementor-section-height-default\" data-id=\"5b3ebea\" data-element_type=\"section\">\n\t\t\t\t\t\t<div class=\"elementor-container elementor-column-gap-default\">\n\t\t\t\t\t<div class=\"elementor-column elementor-col-100 elementor-top-column elementor-element elementor-element-b7d4c23\" data-id=\"b7d4c23\" data-element_type=\"column\">\n\t\t\t<div class=\"elementor-widget-wrap elementor-element-populated\">\n\t\t\t\t\t\t<div class=\"elementor-element elementor-element-a36a38d elementor-widget elementor-widget-heading\" data-id=\"a36a38d\" data-element_type=\"widget\" data-widget_type=\"heading.default\">\n\t\t\t\t<div class=\"elementor-widget-container\">\n\t\t\t\t\t<h3 class=\"elementor-heading-title elementor-size-default\">What are the benefits of cookies?<\/h3>\t\t\t\t<\/div>\n\t\t\t\t<\/div>\n\t\t\t\t<div class=\"elementor-element elementor-element-2a0ebe6 elementor-widget elementor-widget-text-editor\" data-id=\"2a0ebe6\" data-element_type=\"widget\" data-widget_type=\"text-editor.default\">\n\t\t\t\t<div class=\"elementor-widget-container\">\n\t\t\t\t\t\t\t\t\t<p>The information in a cookie links users to the website. When the browser accesses that website again, it can read the information already stored and will react accordingly. Cookies provide users with a pleasant browsing experience: eg - privacy preferences, site language options or relevant advertising.<\/p>\t\t\t\t\t\t\t\t<\/div>\n\t\t\t\t<\/div>\n\t\t\t\t\t<\/div>\n\t\t<\/div>\n\t\t\t\t\t<\/div>\n\t\t<\/section>\n\t\t\t\t<section class=\"elementor-section elementor-top-section elementor-element elementor-element-c63abf7 elementor-section-boxed elementor-section-height-default elementor-section-height-default\" data-id=\"c63abf7\" data-element_type=\"section\">\n\t\t\t\t\t\t<div class=\"elementor-container elementor-column-gap-default\">\n\t\t\t\t\t<div class=\"elementor-column elementor-col-100 elementor-top-column elementor-element elementor-element-ed2dd7b\" data-id=\"ed2dd7b\" data-element_type=\"column\">\n\t\t\t<div class=\"elementor-widget-wrap elementor-element-populated\">\n\t\t\t\t\t\t<div class=\"elementor-element elementor-element-3116b52 elementor-widget elementor-widget-heading\" data-id=\"3116b52\" data-element_type=\"widget\" data-widget_type=\"heading.default\">\n\t\t\t\t<div class=\"elementor-widget-container\">\n\t\t\t\t\t<h3 class=\"elementor-heading-title elementor-size-default\">The lifetime of a cookie?<\/h3>\t\t\t\t<\/div>\n\t\t\t\t<\/div>\n\t\t\t\t<div class=\"elementor-element elementor-element-cde0137 elementor-widget elementor-widget-text-editor\" data-id=\"cde0137\" data-element_type=\"widget\" data-widget_type=\"text-editor.default\">\n\t\t\t\t<div class=\"elementor-widget-container\">\n\t\t\t\t\t\t\t\t\t<p>Depending on the purpose for which a cookie is placed, it may be different. A cookie can only exist in one session, or a day or a week or even infinity. Cookies can be deleted from the browser cache.<\/p>\t\t\t\t\t\t\t\t<\/div>\n\t\t\t\t<\/div>\n\t\t\t\t\t<\/div>\n\t\t<\/div>\n\t\t\t\t\t<\/div>\n\t\t<\/section>\n\t\t\t\t<section class=\"elementor-section elementor-top-section elementor-element elementor-element-38d7db7 elementor-section-boxed elementor-section-height-default elementor-section-height-default\" data-id=\"38d7db7\" data-element_type=\"section\">\n\t\t\t\t\t\t<div class=\"elementor-container elementor-column-gap-default\">\n\t\t\t\t\t<div class=\"elementor-column elementor-col-100 elementor-top-column elementor-element elementor-element-81add04\" data-id=\"81add04\" data-element_type=\"column\">\n\t\t\t<div class=\"elementor-widget-wrap elementor-element-populated\">\n\t\t\t\t\t\t<div class=\"elementor-element elementor-element-64dc444 elementor-widget elementor-widget-heading\" data-id=\"64dc444\" data-element_type=\"widget\" data-widget_type=\"heading.default\">\n\t\t\t\t<div class=\"elementor-widget-container\">\n\t\t\t\t\t<h3 class=\"elementor-heading-title elementor-size-default\">Cookies placed by third parties?<\/h3>\t\t\t\t<\/div>\n\t\t\t\t<\/div>\n\t\t\t\t<div class=\"elementor-element elementor-element-85b17eb elementor-widget elementor-widget-text-editor\" data-id=\"85b17eb\" data-element_type=\"widget\" data-widget_type=\"text-editor.default\">\n\t\t\t\t<div class=\"elementor-widget-container\">\n\t\t\t\t\t\t\t\t\t<p>Some cookies may be placed by third parties, they are called &quot;third party cookies&quot; because they are not placed by the owner of that website, and third party providers are subject to applicable laws and privacy policies of the site owner.<\/p>\t\t\t\t\t\t\t\t<\/div>\n\t\t\t\t<\/div>\n\t\t\t\t\t<\/div>\n\t\t<\/div>\n\t\t\t\t\t<\/div>\n\t\t<\/section>\n\t\t\t\t<section class=\"elementor-section elementor-top-section elementor-element elementor-element-ab723fa elementor-section-boxed elementor-section-height-default elementor-section-height-default\" data-id=\"ab723fa\" data-element_type=\"section\">\n\t\t\t\t\t\t<div class=\"elementor-container elementor-column-gap-default\">\n\t\t\t\t\t<div class=\"elementor-column elementor-col-100 elementor-top-column elementor-element elementor-element-137f141\" data-id=\"137f141\" data-element_type=\"column\">\n\t\t\t<div class=\"elementor-widget-wrap elementor-element-populated\">\n\t\t\t\t\t\t<div class=\"elementor-element elementor-element-3ff47e2 elementor-widget elementor-widget-heading\" data-id=\"3ff47e2\" data-element_type=\"widget\" data-widget_type=\"heading.default\">\n\t\t\t\t<div class=\"elementor-widget-container\">\n\t\t\t\t\t<h3 class=\"elementor-heading-title elementor-size-default\"><a href=\"https:\/\/skillup.ro\/en\/\">Cookies on skillUp.ro<\/a><\/h3>\t\t\t\t<\/div>\n\t\t\t\t<\/div>\n\t\t\t\t<div class=\"elementor-element elementor-element-1ee3fb8 elementor-widget elementor-widget-text-editor\" data-id=\"1ee3fb8\" data-element_type=\"widget\" data-widget_type=\"text-editor.default\">\n\t\t\t\t<div class=\"elementor-widget-container\">\n\t\t\t\t\t\t\t\t\t<p>We may encounter cookies for:<\/p><ul><li>registration;<\/li><li>privacy settings;<\/li><li>visitor analysis;<\/li><li>site performance;<\/li><li>of advertising providers;<\/li><li>Other cookies from third parties: Google Analytics, Adwords, Facebook<\/li><\/ul>\t\t\t\t\t\t\t\t<\/div>\n\t\t\t\t<\/div>\n\t\t\t\t\t<\/div>\n\t\t<\/div>\n\t\t\t\t\t<\/div>\n\t\t<\/section>\n\t\t\t\t<section class=\"elementor-section elementor-top-section elementor-element elementor-element-ea5df55 elementor-section-boxed elementor-section-height-default elementor-section-height-default\" data-id=\"ea5df55\" data-element_type=\"section\">\n\t\t\t\t\t\t<div class=\"elementor-container elementor-column-gap-default\">\n\t\t\t\t\t<div class=\"elementor-column elementor-col-100 elementor-top-column elementor-element elementor-element-c6adc5a\" data-id=\"c6adc5a\" data-element_type=\"column\">\n\t\t\t<div class=\"elementor-widget-wrap elementor-element-populated\">\n\t\t\t\t\t\t<div class=\"elementor-element elementor-element-1db8476 elementor-widget elementor-widget-heading\" data-id=\"1db8476\" data-element_type=\"widget\" data-widget_type=\"heading.default\">\n\t\t\t\t<div class=\"elementor-widget-container\">\n\t\t\t\t\t<h3 class=\"elementor-heading-title elementor-size-default\">Refusal and deactivation of cookies policy\n<\/h3>\t\t\t\t<\/div>\n\t\t\t\t<\/div>\n\t\t\t\t<div class=\"elementor-element elementor-element-063bdfb elementor-widget elementor-widget-text-editor\" data-id=\"063bdfb\" data-element_type=\"widget\" data-widget_type=\"text-editor.default\">\n\t\t\t\t<div class=\"elementor-widget-container\">\n\t\t\t\t\t\t\t\t\t<p>Refusing and disabling cookies may make certain sites inaccessible or difficult to visit have been used. If cookies are not accepted <strong>does not mean no<\/strong> you will see more online advertising but it will no longer be your card.<\/p><p>Cookie settings are subject to change in the browser. These settings are usually found in settings \/ options or in the browser&#039;s &quot;preferences&quot; menu.<\/p><p>Useful Links<\/p><p>If you want to know more about cookies: <a href=\"https:\/\/www.microsoft.com\/info\/cookies.mspx\">Microsoft Cookies guide All About Cookies<\/a><\/p><p>For details on the terms of use of the site, please see also <a href=\"https:\/\/skillup.ro\/en\/termeni-si-conditii\/\">terms and conditions<\/a>.<\/p>\t\t\t\t\t\t\t\t<\/div>\n\t\t\t\t<\/div>\n\t\t\t\t\t<\/div>\n\t\t<\/div>\n\t\t\t\t\t<\/div>\n\t\t<\/section>\n\t\t\t\t<\/div>","protected":false},"excerpt":{"rendered":"<p>Politica cookie-urilor Informa\u021bii despre cookies Cookie (\u201ebrowser cookie\u201d sau \u201eHTTP cookie\u201d) este un fi\u0219ier de mici dimensiuni, format din litere \u0219i numere.&nbsp; Este stocat pe computer, telefon mobil, tablet\u0103 etc. El este instalat prin solicitar\u0103 emis\u0103 de c\u0103tre un web-server unui browser (ex: Internet Explorer, Chrome). De re\u021binut: \u201eCookie\u201d-urile nu con\u021bin programe software, viru\u0219i sau &hellip;<\/p>\n<p class=\"read-more\"> <a class=\"\" href=\"https:\/\/skillup.ro\/en\/politica-cookie-urilor\/\"> <span class=\"screen-reader-text\">Cookies policy<\/span> Read More &raquo;<\/a><\/p>","protected":false},"author":1,"featured_media":0,"parent":0,"menu_order":0,"comment_status":"closed","ping_status":"closed","template":"","meta":{"site-sidebar-layout":"no-sidebar","site-content-layout":"page-builder","ast-main-header-display":"","ast-hfb-above-header-display":"","ast-hfb-below-header-display":"","ast-hfb-mobile-header-display":"","site-post-title":"disabled","ast-breadcrumbs-content":"","ast-featured-img":"disabled","footer-sml-layout":"","theme-transparent-header-meta":"default","adv-header-id-meta":"","stick-header-meta":"","header-above-stick-meta":"","header-main-stick-meta":"","header-below-stick-meta":"","footnotes":""},"class_list":["post-1532","page","type-page","status-publish","hentry"],"yoast_head":"<!-- This site is optimized with the Yoast SEO plugin v24.1 - https:\/\/yoast.com\/wordpress\/plugins\/seo\/ -->\n<title>Politica cookie-urilor - Cursuri Programare Skill Up<\/title>\n<meta name=\"description\" content=\"Politica cookie cintine informa\u021bii despre cookies. La ce sunt cookie-urile folosite, la ce ajuta utilizatorii. Cum putem dezactiva cookie-urile\" \/>\n<meta name=\"robots\" content=\"index, follow, max-snippet:-1, max-image-preview:large, max-video-preview:-1\" \/>\n<link rel=\"canonical\" href=\"https:\/\/skillup.ro\/en\/politica-cookie-urilor\/\" \/>\n<meta property=\"og:locale\" content=\"en_US\" \/>\n<meta property=\"og:type\" content=\"article\" \/>\n<meta property=\"og:title\" content=\"Politica cookie-urilor - Cursuri Programare Skill Up\" \/>\n<meta property=\"og:description\" content=\"Politica cookie cintine informa\u021bii despre cookies. La ce sunt cookie-urile folosite, la ce ajuta utilizatorii. Cum putem dezactiva cookie-urile\" \/>\n<meta property=\"og:url\" content=\"https:\/\/skillup.ro\/en\/politica-cookie-urilor\/\" \/>\n<meta property=\"og:site_name\" content=\"Cursuri Programare Skill Up\" \/>\n<meta property=\"article:modified_time\" content=\"2020-12-01T20:40:52+00:00\" \/>\n<meta name=\"twitter:card\" content=\"summary_large_image\" \/>\n<meta name=\"twitter:label1\" content=\"Est. reading time\" \/>\n\t<meta name=\"twitter:data1\" content=\"3 minutes\" \/>\n<script type=\"application\/ld+json\" class=\"yoast-schema-graph\">{\"@context\":\"https:\/\/schema.org\",\"@graph\":[{\"@type\":\"WebPage\",\"@id\":\"https:\/\/skillup.ro\/politica-cookie-urilor\/\",\"url\":\"https:\/\/skillup.ro\/politica-cookie-urilor\/\",\"name\":\"Politica cookie-urilor - Cursuri Programare Skill Up\",\"isPartOf\":{\"@id\":\"https:\/\/skillup.ro\/#website\"},\"datePublished\":\"2020-12-01T16:45:38+00:00\",\"dateModified\":\"2020-12-01T20:40:52+00:00\",\"description\":\"Politica cookie cintine informa\u021bii despre cookies. La ce sunt cookie-urile folosite, la ce ajuta utilizatorii. Cum putem dezactiva cookie-urile\",\"breadcrumb\":{\"@id\":\"https:\/\/skillup.ro\/politica-cookie-urilor\/#breadcrumb\"},\"inLanguage\":\"en-US\",\"potentialAction\":[{\"@type\":\"ReadAction\",\"target\":[\"https:\/\/skillup.ro\/politica-cookie-urilor\/\"]}]},{\"@type\":\"BreadcrumbList\",\"@id\":\"https:\/\/skillup.ro\/politica-cookie-urilor\/#breadcrumb\",\"itemListElement\":[{\"@type\":\"ListItem\",\"position\":1,\"name\":\"Home\",\"item\":\"https:\/\/skillup.ro\/\"},{\"@type\":\"ListItem\",\"position\":2,\"name\":\"Politica cookie-urilor\"}]},{\"@type\":\"WebSite\",\"@id\":\"https:\/\/skillup.ro\/#website\",\"url\":\"https:\/\/skillup.ro\/\",\"name\":\"Cursuri Programare Skill Up\",\"description\":\"Academia IT\",\"publisher\":{\"@id\":\"https:\/\/skillup.ro\/#organization\"},\"potentialAction\":[{\"@type\":\"SearchAction\",\"target\":{\"@type\":\"EntryPoint\",\"urlTemplate\":\"https:\/\/skillup.ro\/?s={search_term_string}\"},\"query-input\":{\"@type\":\"PropertyValueSpecification\",\"valueRequired\":true,\"valueName\":\"search_term_string\"}}],\"inLanguage\":\"en-US\"},{\"@type\":\"Organization\",\"@id\":\"https:\/\/skillup.ro\/#organization\",\"name\":\"Cursuri Programare Skill Up\",\"url\":\"https:\/\/skillup.ro\/\",\"logo\":{\"@type\":\"ImageObject\",\"inLanguage\":\"en-US\",\"@id\":\"https:\/\/skillup.ro\/#\/schema\/logo\/image\/\",\"url\":\"https:\/\/skillup.ro\/wp-content\/uploads\/2020\/08\/cropped-cursuri-programare-skill-up.png\",\"contentUrl\":\"https:\/\/skillup.ro\/wp-content\/uploads\/2020\/08\/cropped-cursuri-programare-skill-up.png\",\"width\":400,\"height\":133,\"caption\":\"Cursuri Programare Skill Up\"},\"image\":{\"@id\":\"https:\/\/skillup.ro\/#\/schema\/logo\/image\/\"}}]}<\/script>\n<!-- \/ Yoast SEO plugin. -->","yoast_head_json":{"title":"Politica cookie-urilor - Cursuri Programare Skill Up","description":"Politica cookie cintine informa\u021bii despre cookies. La ce sunt cookie-urile folosite, la ce ajuta utilizatorii. Cum putem dezactiva cookie-urile","robots":{"index":"index","follow":"follow","max-snippet":"max-snippet:-1","max-image-preview":"max-image-preview:large","max-video-preview":"max-video-preview:-1"},"canonical":"https:\/\/skillup.ro\/en\/politica-cookie-urilor\/","og_locale":"en_US","og_type":"article","og_title":"Politica cookie-urilor - Cursuri Programare Skill Up","og_description":"Politica cookie cintine informa\u021bii despre cookies. La ce sunt cookie-urile folosite, la ce ajuta utilizatorii. Cum putem dezactiva cookie-urile","og_url":"https:\/\/skillup.ro\/en\/politica-cookie-urilor\/","og_site_name":"Cursuri Programare Skill Up","article_modified_time":"2020-12-01T20:40:52+00:00","twitter_card":"summary_large_image","twitter_misc":{"Est. reading time":"3 minutes"},"schema":{"@context":"https:\/\/schema.org","@graph":[{"@type":"WebPage","@id":"https:\/\/skillup.ro\/politica-cookie-urilor\/","url":"https:\/\/skillup.ro\/politica-cookie-urilor\/","name":"Politica cookie-urilor - Cursuri Programare Skill Up","isPartOf":{"@id":"https:\/\/skillup.ro\/#website"},"datePublished":"2020-12-01T16:45:38+00:00","dateModified":"2020-12-01T20:40:52+00:00","description":"Politica cookie cintine informa\u021bii despre cookies. La ce sunt cookie-urile folosite, la ce ajuta utilizatorii. Cum putem dezactiva cookie-urile","breadcrumb":{"@id":"https:\/\/skillup.ro\/politica-cookie-urilor\/#breadcrumb"},"inLanguage":"en-US","potentialAction":[{"@type":"ReadAction","target":["https:\/\/skillup.ro\/politica-cookie-urilor\/"]}]},{"@type":"BreadcrumbList","@id":"https:\/\/skillup.ro\/politica-cookie-urilor\/#breadcrumb","itemListElement":[{"@type":"ListItem","position":1,"name":"Home","item":"https:\/\/skillup.ro\/"},{"@type":"ListItem","position":2,"name":"Politica cookie-urilor"}]},{"@type":"WebSite","@id":"https:\/\/skillup.ro\/#website","url":"https:\/\/skillup.ro\/","name":"Cursuri Programare Skill Up","description":"Academia IT","publisher":{"@id":"https:\/\/skillup.ro\/#organization"},"potentialAction":[{"@type":"SearchAction","target":{"@type":"EntryPoint","urlTemplate":"https:\/\/skillup.ro\/?s={search_term_string}"},"query-input":{"@type":"PropertyValueSpecification","valueRequired":true,"valueName":"search_term_string"}}],"inLanguage":"en-US"},{"@type":"Organization","@id":"https:\/\/skillup.ro\/#organization","name":"Cursuri Programare Skill Up","url":"https:\/\/skillup.ro\/","logo":{"@type":"ImageObject","inLanguage":"en-US","@id":"https:\/\/skillup.ro\/#\/schema\/logo\/image\/","url":"https:\/\/skillup.ro\/wp-content\/uploads\/2020\/08\/cropped-cursuri-programare-skill-up.png","contentUrl":"https:\/\/skillup.ro\/wp-content\/uploads\/2020\/08\/cropped-cursuri-programare-skill-up.png","width":400,"height":133,"caption":"Cursuri Programare Skill Up"},"image":{"@id":"https:\/\/skillup.ro\/#\/schema\/logo\/image\/"}}]}},"_links":{"self":[{"href":"https:\/\/skillup.ro\/en\/wp-json\/wp\/v2\/pages\/1532"}],"collection":[{"href":"https:\/\/skillup.ro\/en\/wp-json\/wp\/v2\/pages"}],"about":[{"href":"https:\/\/skillup.ro\/en\/wp-json\/wp\/v2\/types\/page"}],"author":[{"embeddable":true,"href":"https:\/\/skillup.ro\/en\/wp-json\/wp\/v2\/users\/1"}],"replies":[{"embeddable":true,"href":"https:\/\/skillup.ro\/en\/wp-json\/wp\/v2\/comments?post=1532"}],"version-history":[{"count":15,"href":"https:\/\/skillup.ro\/en\/wp-json\/wp\/v2\/pages\/1532\/revisions"}],"predecessor-version":[{"id":1558,"href":"https:\/\/skillup.ro\/en\/wp-json\/wp\/v2\/pages\/1532\/revisions\/1558"}],"wp:attachment":[{"href":"https:\/\/skillup.ro\/en\/wp-json\/wp\/v2\/media?parent=1532"}],"curies":[{"name":"wp","href":"https:\/\/api.w.org\/{rel}","templated":true}]}}